{"id":45,"date":"2021-11-21T23:03:36","date_gmt":"2021-11-21T22:03:36","guid":{"rendered":"http:\/\/www.pharmaciecentraledelademilune.com\/?page_id=45"},"modified":"2023-08-03T15:51:30","modified_gmt":"2023-08-03T13:51:30","slug":"contact-2","status":"publish","type":"page","link":"https:\/\/www.pharmaciecentraledelademilune.com\/index.php\/contact-2\/","title":{"rendered":"Contact"},"content":{"rendered":"\t\t<div data-elementor-type=\"wp-page\" data-elementor-id=\"45\" class=\"elementor elementor-45\">\n\t\t\t\t\t\t\t\t\t<section data-marvy_enable_drop_animation=\"false\" data-marvy_enable_fancy_rotate=\"false\" data-marvy_enable_flying_object=\"false\" data-marvy_enable_ripples_animation=\"false\" data-marvy_enable_waves_animation=\"false\" data-marvy_enable_rings_animation=\"false\" data-marvy_enable_topology_animation=\"false\" data-marvy_enable_gradient_animation=\"false\" data-marvy_enable_snow_animation=\"false\" data-marvy_enable_firework_animation=\"false\" data-marvy_enable_cloud_animation=\"false\" class=\"has_ma_el_bg_slider elementor-section elementor-top-section elementor-element elementor-element-204b9012 elementor-section-stretched elementor-section-full_width elementor-section-height-min-height elementor-section-items-stretch elementor-section-content-middle elementor-section-height-default jltma-glass-effect-no\" data-id=\"204b9012\" data-element_type=\"section\" data-settings=\"{&quot;stretch_section&quot;:&quot;section-stretched&quot;,&quot;background_background&quot;:&quot;classic&quot;,&quot;_ha_eqh_enable&quot;:false}\">\n\t\t\t\t\t\t<div class=\"elementor-container elementor-column-gap-default\">\n\t\t\t\t\t<div class=\"has_ma_el_bg_slider elementor-column elementor-col-50 elementor-top-column elementor-element elementor-element-78e2d884 jltma-glass-effect-no\" data-id=\"78e2d884\" data-element_type=\"column\">\n\t\t\t<div class=\"elementor-widget-wrap elementor-element-populated\">\n\t\t\t\t\t\t\t\t<div class=\"elementor-element elementor-element-2feb1b35 animated-fast jltma-glass-effect-no elementor-invisible elementor-widget elementor-widget-heading\" data-id=\"2feb1b35\" data-element_type=\"widget\" data-settings=\"{&quot;_animation&quot;:&quot;fadeInDown&quot;,&quot;_animation_delay&quot;:300}\" data-widget_type=\"heading.default\">\n\t\t\t\t<div class=\"elementor-widget-container\">\n\t\t\t<style>\/*! elementor - v3.6.5 - 27-04-2022 *\/\n.elementor-heading-title{padding:0;margin:0;line-height:1}.elementor-widget-heading .elementor-heading-title[class*=elementor-size-]>a{color:inherit;font-size:inherit;line-height:inherit}.elementor-widget-heading .elementor-heading-title.elementor-size-small{font-size:15px}.elementor-widget-heading .elementor-heading-title.elementor-size-medium{font-size:19px}.elementor-widget-heading .elementor-heading-title.elementor-size-large{font-size:29px}.elementor-widget-heading .elementor-heading-title.elementor-size-xl{font-size:39px}.elementor-widget-heading .elementor-heading-title.elementor-size-xxl{font-size:59px}<\/style><h4 class=\"elementor-heading-title elementor-size-default\">Informations<\/h4>\t\t<\/div>\n\t\t\t\t<\/div>\n\t\t\t\t<div class=\"elementor-element elementor-element-cf3028e animated-fast jltma-glass-effect-no elementor-invisible elementor-widget elementor-widget-heading\" data-id=\"cf3028e\" data-element_type=\"widget\" data-settings=\"{&quot;_animation&quot;:&quot;fadeInUp&quot;,&quot;_animation_delay&quot;:300}\" data-widget_type=\"heading.default\">\n\t\t\t\t<div class=\"elementor-widget-container\">\n\t\t\t<h3 class=\"elementor-heading-title elementor-size-default\">Contactez-nous <\/h3>\t\t<\/div>\n\t\t\t\t<\/div>\n\t\t\t\t<div class=\"elementor-element elementor-element-92ec7ca animated-fast jltma-glass-effect-no elementor-invisible elementor-widget elementor-widget-text-editor\" data-id=\"92ec7ca\" data-element_type=\"widget\" data-settings=\"{&quot;_animation&quot;:&quot;fadeInLeft&quot;,&quot;_animation_delay&quot;:500}\" data-widget_type=\"text-editor.default\">\n\t\t\t\t<div class=\"elementor-widget-container\">\n\t\t\t<style>\/*! elementor - v3.6.5 - 27-04-2022 *\/\n.elementor-widget-text-editor.elementor-drop-cap-view-stacked .elementor-drop-cap{background-color:#818a91;color:#fff}.elementor-widget-text-editor.elementor-drop-cap-view-framed .elementor-drop-cap{color:#818a91;border:3px solid;background-color:transparent}.elementor-widget-text-editor:not(.elementor-drop-cap-view-default) .elementor-drop-cap{margin-top:8px}.elementor-widget-text-editor:not(.elementor-drop-cap-view-default) .elementor-drop-cap-letter{width:1em;height:1em}.elementor-widget-text-editor .elementor-drop-cap{float:left;text-align:center;line-height:1;font-size:50px}.elementor-widget-text-editor .elementor-drop-cap-letter{display:inline-block}<\/style>\t\t\t\t<ul><li>49 Avenue de la R\u00e9publique, 69160 Tassin-la-Demi-Lune<\/li><li>T\u00e9l\u00e9phone : <strong>04 78 34 13 63<\/strong><\/li><li>Email : <strong>ordodemilune@gmail.com<\/strong><\/li><li>Pharmacie de Garde <strong>: Appelez Resogarde au 3237<\/strong><\/li><\/ul>\t\t\t\t\t\t<\/div>\n\t\t\t\t<\/div>\n\t\t\t\t<div class=\"elementor-element elementor-element-3d75f90 jltma-glass-effect-no elementor-widget elementor-widget-spacer\" data-id=\"3d75f90\" data-element_type=\"widget\" data-widget_type=\"spacer.default\">\n\t\t\t\t<div class=\"elementor-widget-container\">\n\t\t\t<style>\/*! elementor - v3.6.5 - 27-04-2022 *\/\n.e-container.e-container--row .elementor-spacer-inner{width:var(--spacer-size)}.e-container.e-container--column .elementor-spacer-inner,.elementor-column .elementor-spacer-inner{height:var(--spacer-size)}<\/style>\t\t<div class=\"elementor-spacer\">\n\t\t\t<div class=\"elementor-spacer-inner\"><\/div>\n\t\t<\/div>\n\t\t\t\t<\/div>\n\t\t\t\t<\/div>\n\t\t\t\t\t<\/div>\n\t\t<\/div>\n\t\t\t\t<div class=\"has_ma_el_bg_slider elementor-column elementor-col-50 elementor-top-column elementor-element elementor-element-6cb09d48 jltma-glass-effect-no\" data-id=\"6cb09d48\" data-element_type=\"column\">\n\t\t\t<div class=\"elementor-widget-wrap elementor-element-populated\">\n\t\t\t\t\t\t\t\t<div class=\"elementor-element elementor-element-dabff59 jltma-glass-effect-no elementor-widget elementor-widget-image\" data-id=\"dabff59\" data-element_type=\"widget\" data-widget_type=\"image.default\">\n\t\t\t\t<div class=\"elementor-widget-container\">\n\t\t\t<style>\/*! elementor - v3.6.5 - 27-04-2022 *\/\n.elementor-widget-image{text-align:center}.elementor-widget-image a{display:inline-block}.elementor-widget-image a img[src$=\".svg\"]{width:48px}.elementor-widget-image img{vertical-align:middle;display:inline-block}<\/style>\t\t\t\t\t\t\t\t\t\t\t\t<img loading=\"lazy\" decoding=\"async\" width=\"1024\" height=\"866\" src=\"https:\/\/www.pharmaciecentraledelademilune.com\/wp-content\/uploads\/2023\/07\/undraw_questions_trans-1024x866.png\" class=\"attachment-large size-large\" alt=\"\" srcset=\"https:\/\/www.pharmaciecentraledelademilune.com\/wp-content\/uploads\/2023\/07\/undraw_questions_trans-1024x866.png 1024w, https:\/\/www.pharmaciecentraledelademilune.com\/wp-content\/uploads\/2023\/07\/undraw_questions_trans-300x254.png 300w, https:\/\/www.pharmaciecentraledelademilune.com\/wp-content\/uploads\/2023\/07\/undraw_questions_trans-768x650.png 768w, https:\/\/www.pharmaciecentraledelademilune.com\/wp-content\/uploads\/2023\/07\/undraw_questions_trans.png 1032w\" sizes=\"(max-width: 1024px) 100vw, 1024px\" \/>\t\t\t\t\t\t\t\t\t\t\t\t\t\t\t<\/div>\n\t\t\t\t<\/div>\n\t\t\t\t\t<\/div>\n\t\t<\/div>\n\t\t\t\t\t\t\t<\/div>\n\t\t<\/section>\n\t\t\t\t<section data-marvy_enable_drop_animation=\"false\" data-marvy_enable_fancy_rotate=\"false\" data-marvy_enable_flying_object=\"false\" data-marvy_enable_ripples_animation=\"false\" data-marvy_enable_waves_animation=\"false\" data-marvy_enable_rings_animation=\"false\" data-marvy_enable_topology_animation=\"false\" data-marvy_enable_gradient_animation=\"false\" data-marvy_enable_snow_animation=\"false\" data-marvy_enable_firework_animation=\"false\" data-marvy_enable_cloud_animation=\"false\" class=\"has_ma_el_bg_slider elementor-section elementor-top-section elementor-element elementor-element-9285b39 elementor-section-boxed elementor-section-height-default elementor-section-height-default jltma-glass-effect-no\" data-id=\"9285b39\" data-element_type=\"section\" data-settings=\"{&quot;_ha_eqh_enable&quot;:false}\">\n\t\t\t\t\t\t<div class=\"elementor-container elementor-column-gap-default\">\n\t\t\t\t\t<div class=\"has_ma_el_bg_slider elementor-column elementor-col-100 elementor-top-column elementor-element elementor-element-c6aaec1 jltma-glass-effect-no\" data-id=\"c6aaec1\" data-element_type=\"column\">\n\t\t\t<div class=\"elementor-widget-wrap elementor-element-populated\">\n\t\t\t\t\t\t\t\t<div class=\"elementor-element elementor-element-8efd4a1 jltma-glass-effect-no elementor-widget elementor-widget-google_maps\" data-id=\"8efd4a1\" data-element_type=\"widget\" data-widget_type=\"google_maps.default\">\n\t\t\t\t<div class=\"elementor-widget-container\">\n\t\t\t<style>\/*! elementor - v3.6.5 - 27-04-2022 *\/\n.elementor-widget-google_maps .elementor-widget-container{overflow:hidden}.elementor-widget-google_maps iframe{height:300px}<\/style>\t\t<div class=\"elementor-custom-embed\">\n\t\t\t<iframe frameborder=\"0\" scrolling=\"no\" marginheight=\"0\" marginwidth=\"0\"\n\t\t\t\t\tsrc=\"https:\/\/maps.google.com\/maps?q=49%20Avenue%20de%20la%20R%C3%A9publique%20Tassin&#038;t=m&#038;z=15&#038;output=embed&#038;iwloc=near\"\n\t\t\t\t\ttitle=\"49 Avenue de la R\u00e9publique Tassin\"\n\t\t\t\t\taria-label=\"49 Avenue de la R\u00e9publique Tassin\"\n\t\t\t><\/iframe>\n\t\t<\/div>\n\t\t\t\t<\/div>\n\t\t\t\t<\/div>\n\t\t\t\t\t<\/div>\n\t\t<\/div>\n\t\t\t\t\t\t\t<\/div>\n\t\t<\/section>\n\t\t\t\t\t\t\t<\/div>\n\t\t","protected":false},"excerpt":{"rendered":"<p>Informations Contactez-nous 49 Avenue de la R\u00e9publique, 69160 Tassin-la-Demi-Lune T\u00e9l\u00e9phone : 04 78 34 13 63 Email : ordodemilune@gmail.com Pharmacie de Garde : Appelez Resogarde au 3237<\/p>\n","protected":false},"author":1,"featured_media":0,"parent":0,"menu_order":0,"comment_status":"closed","ping_status":"closed","template":"","meta":{"_monsterinsights_skip_tracking":false,"_monsterinsights_sitenote_active":false,"_monsterinsights_sitenote_note":"","_monsterinsights_sitenote_category":0,"site-sidebar-layout":"no-sidebar","site-content-layout":"page-builder","ast-global-header-display":"","ast-banner-title-visibility":"","ast-main-header-display":"","ast-hfb-above-header-display":"","ast-hfb-below-header-display":"","ast-hfb-mobile-header-display":"","site-post-title":"disabled","ast-breadcrumbs-content":"","ast-featured-img":"disabled","footer-sml-layout":"","theme-transparent-header-meta":"","adv-header-id-meta":"","stick-header-meta":"","header-above-stick-meta":"","header-main-stick-meta":"","header-below-stick-meta":"","footnotes":""},"yoast_head":"<!-- This site is optimized with the Yoast SEO plugin v18.8 - https:\/\/yoast.com\/wordpress\/plugins\/seo\/ -->\n<title>Contact - Pharmacie Centrale De La Demi Lune<\/title>\n<meta name=\"robots\" content=\"index, follow, max-snippet:-1, max-image-preview:large, max-video-preview:-1\" \/>\n<link rel=\"canonical\" href=\"https:\/\/www.pharmaciecentraledelademilune.com\/index.php\/contact-2\/\" \/>\n<meta property=\"og:locale\" content=\"fr_FR\" \/>\n<meta property=\"og:type\" content=\"article\" \/>\n<meta property=\"og:title\" content=\"Contact - Pharmacie Centrale De La Demi Lune\" \/>\n<meta property=\"og:description\" content=\"Informations Contactez-nous 49 Avenue de la R\u00e9publique, 69160 Tassin-la-Demi-Lune T\u00e9l\u00e9phone : 04 78 34 13 63 Email : ordodemilune@gmail.com Pharmacie de Garde : Appelez Resogarde au 3237\" \/>\n<meta property=\"og:url\" content=\"https:\/\/www.pharmaciecentraledelademilune.com\/index.php\/contact-2\/\" \/>\n<meta property=\"og:site_name\" content=\"Pharmacie Centrale De La Demi Lune\" \/>\n<meta property=\"article:modified_time\" content=\"2023-08-03T13:51:30+00:00\" \/>\n<meta property=\"og:image\" content=\"https:\/\/www.pharmaciecentraledelademilune.com\/wp-content\/uploads\/2023\/07\/undraw_questions_trans-1024x866.png\" \/>\n<meta name=\"twitter:card\" content=\"summary_large_image\" \/>\n<meta name=\"twitter:label1\" content=\"Dur\u00e9e de lecture estim\u00e9e\" \/>\n\t<meta name=\"twitter:data1\" content=\"1 minute\" \/>\n<script type=\"application\/ld+json\" class=\"yoast-schema-graph\">{\"@context\":\"https:\/\/schema.org\",\"@graph\":[{\"@type\":\"Organization\",\"@id\":\"https:\/\/www.pharmaciecentraledelademilune.com\/#organization\",\"name\":\"Pharmacie Centrale De La Demi Lune Tassin\",\"url\":\"https:\/\/www.pharmaciecentraledelademilune.com\/\",\"sameAs\":[],\"logo\":{\"@type\":\"ImageObject\",\"inLanguage\":\"fr-FR\",\"@id\":\"https:\/\/www.pharmaciecentraledelademilune.com\/#\/schema\/logo\/image\/\",\"url\":\"https:\/\/www.pharmaciecentraledelademilune.com\/wp-content\/uploads\/2022\/05\/Pharma-LOGO-WEB-1.png\",\"contentUrl\":\"https:\/\/www.pharmaciecentraledelademilune.com\/wp-content\/uploads\/2022\/05\/Pharma-LOGO-WEB-1.png\",\"width\":2428,\"height\":2713,\"caption\":\"Pharmacie Centrale De La Demi Lune Tassin\"},\"image\":{\"@id\":\"https:\/\/www.pharmaciecentraledelademilune.com\/#\/schema\/logo\/image\/\"}},{\"@type\":\"WebSite\",\"@id\":\"https:\/\/www.pharmaciecentraledelademilune.com\/#website\",\"url\":\"https:\/\/www.pharmaciecentraledelademilune.com\/\",\"name\":\"Pharmacie Centrale De La Demi Lune\",\"description\":\"Pharmacie centrale de la demi lune\",\"publisher\":{\"@id\":\"https:\/\/www.pharmaciecentraledelademilune.com\/#organization\"},\"potentialAction\":[{\"@type\":\"SearchAction\",\"target\":{\"@type\":\"EntryPoint\",\"urlTemplate\":\"https:\/\/www.pharmaciecentraledelademilune.com\/?s={search_term_string}\"},\"query-input\":\"required name=search_term_string\"}],\"inLanguage\":\"fr-FR\"},{\"@type\":\"ImageObject\",\"inLanguage\":\"fr-FR\",\"@id\":\"https:\/\/www.pharmaciecentraledelademilune.com\/index.php\/contact-2\/#primaryimage\",\"url\":\"https:\/\/www.pharmaciecentraledelademilune.com\/wp-content\/uploads\/2023\/07\/undraw_questions_trans.png\",\"contentUrl\":\"https:\/\/www.pharmaciecentraledelademilune.com\/wp-content\/uploads\/2023\/07\/undraw_questions_trans.png\",\"width\":1032,\"height\":873},{\"@type\":\"WebPage\",\"@id\":\"https:\/\/www.pharmaciecentraledelademilune.com\/index.php\/contact-2\/#webpage\",\"url\":\"https:\/\/www.pharmaciecentraledelademilune.com\/index.php\/contact-2\/\",\"name\":\"Contact - Pharmacie Centrale De La Demi Lune\",\"isPartOf\":{\"@id\":\"https:\/\/www.pharmaciecentraledelademilune.com\/#website\"},\"primaryImageOfPage\":{\"@id\":\"https:\/\/www.pharmaciecentraledelademilune.com\/index.php\/contact-2\/#primaryimage\"},\"datePublished\":\"2021-11-21T22:03:36+00:00\",\"dateModified\":\"2023-08-03T13:51:30+00:00\",\"breadcrumb\":{\"@id\":\"https:\/\/www.pharmaciecentraledelademilune.com\/index.php\/contact-2\/#breadcrumb\"},\"inLanguage\":\"fr-FR\",\"potentialAction\":[{\"@type\":\"ReadAction\",\"target\":[\"https:\/\/www.pharmaciecentraledelademilune.com\/index.php\/contact-2\/\"]}]},{\"@type\":\"BreadcrumbList\",\"@id\":\"https:\/\/www.pharmaciecentraledelademilune.com\/index.php\/contact-2\/#breadcrumb\",\"itemListElement\":[{\"@type\":\"ListItem\",\"position\":1,\"name\":\"Accueil\",\"item\":\"https:\/\/www.pharmaciecentraledelademilune.com\/\"},{\"@type\":\"ListItem\",\"position\":2,\"name\":\"Contact\"}]}]}<\/script>\n<!-- \/ Yoast SEO plugin. -->","yoast_head_json":{"title":"Contact - Pharmacie Centrale De La Demi Lune","robots":{"index":"index","follow":"follow","max-snippet":"max-snippet:-1","max-image-preview":"max-image-preview:large","max-video-preview":"max-video-preview:-1"},"canonical":"https:\/\/www.pharmaciecentraledelademilune.com\/index.php\/contact-2\/","og_locale":"fr_FR","og_type":"article","og_title":"Contact - Pharmacie Centrale De La Demi Lune","og_description":"Informations Contactez-nous 49 Avenue de la R\u00e9publique, 69160 Tassin-la-Demi-Lune T\u00e9l\u00e9phone : 04 78 34 13 63 Email : ordodemilune@gmail.com Pharmacie de Garde : Appelez Resogarde au 3237","og_url":"https:\/\/www.pharmaciecentraledelademilune.com\/index.php\/contact-2\/","og_site_name":"Pharmacie Centrale De La Demi Lune","article_modified_time":"2023-08-03T13:51:30+00:00","og_image":[{"url":"https:\/\/www.pharmaciecentraledelademilune.com\/wp-content\/uploads\/2023\/07\/undraw_questions_trans-1024x866.png"}],"twitter_card":"summary_large_image","twitter_misc":{"Dur\u00e9e de lecture estim\u00e9e":"1 minute"},"schema":{"@context":"https:\/\/schema.org","@graph":[{"@type":"Organization","@id":"https:\/\/www.pharmaciecentraledelademilune.com\/#organization","name":"Pharmacie Centrale De La Demi Lune Tassin","url":"https:\/\/www.pharmaciecentraledelademilune.com\/","sameAs":[],"logo":{"@type":"ImageObject","inLanguage":"fr-FR","@id":"https:\/\/www.pharmaciecentraledelademilune.com\/#\/schema\/logo\/image\/","url":"https:\/\/www.pharmaciecentraledelademilune.com\/wp-content\/uploads\/2022\/05\/Pharma-LOGO-WEB-1.png","contentUrl":"https:\/\/www.pharmaciecentraledelademilune.com\/wp-content\/uploads\/2022\/05\/Pharma-LOGO-WEB-1.png","width":2428,"height":2713,"caption":"Pharmacie Centrale De La Demi Lune Tassin"},"image":{"@id":"https:\/\/www.pharmaciecentraledelademilune.com\/#\/schema\/logo\/image\/"}},{"@type":"WebSite","@id":"https:\/\/www.pharmaciecentraledelademilune.com\/#website","url":"https:\/\/www.pharmaciecentraledelademilune.com\/","name":"Pharmacie Centrale De La Demi Lune","description":"Pharmacie centrale de la demi lune","publisher":{"@id":"https:\/\/www.pharmaciecentraledelademilune.com\/#organization"},"potentialAction":[{"@type":"SearchAction","target":{"@type":"EntryPoint","urlTemplate":"https:\/\/www.pharmaciecentraledelademilune.com\/?s={search_term_string}"},"query-input":"required name=search_term_string"}],"inLanguage":"fr-FR"},{"@type":"ImageObject","inLanguage":"fr-FR","@id":"https:\/\/www.pharmaciecentraledelademilune.com\/index.php\/contact-2\/#primaryimage","url":"https:\/\/www.pharmaciecentraledelademilune.com\/wp-content\/uploads\/2023\/07\/undraw_questions_trans.png","contentUrl":"https:\/\/www.pharmaciecentraledelademilune.com\/wp-content\/uploads\/2023\/07\/undraw_questions_trans.png","width":1032,"height":873},{"@type":"WebPage","@id":"https:\/\/www.pharmaciecentraledelademilune.com\/index.php\/contact-2\/#webpage","url":"https:\/\/www.pharmaciecentraledelademilune.com\/index.php\/contact-2\/","name":"Contact - Pharmacie Centrale De La Demi Lune","isPartOf":{"@id":"https:\/\/www.pharmaciecentraledelademilune.com\/#website"},"primaryImageOfPage":{"@id":"https:\/\/www.pharmaciecentraledelademilune.com\/index.php\/contact-2\/#primaryimage"},"datePublished":"2021-11-21T22:03:36+00:00","dateModified":"2023-08-03T13:51:30+00:00","breadcrumb":{"@id":"https:\/\/www.pharmaciecentraledelademilune.com\/index.php\/contact-2\/#breadcrumb"},"inLanguage":"fr-FR","potentialAction":[{"@type":"ReadAction","target":["https:\/\/www.pharmaciecentraledelademilune.com\/index.php\/contact-2\/"]}]},{"@type":"BreadcrumbList","@id":"https:\/\/www.pharmaciecentraledelademilune.com\/index.php\/contact-2\/#breadcrumb","itemListElement":[{"@type":"ListItem","position":1,"name":"Accueil","item":"https:\/\/www.pharmaciecentraledelademilune.com\/"},{"@type":"ListItem","position":2,"name":"Contact"}]}]}},"_links":{"self":[{"href":"https:\/\/www.pharmaciecentraledelademilune.com\/index.php\/wp-json\/wp\/v2\/pages\/45"}],"collection":[{"href":"https:\/\/www.pharmaciecentraledelademilune.com\/index.php\/wp-json\/wp\/v2\/pages"}],"about":[{"href":"https:\/\/www.pharmaciecentraledelademilune.com\/index.php\/wp-json\/wp\/v2\/types\/page"}],"author":[{"embeddable":true,"href":"https:\/\/www.pharmaciecentraledelademilune.com\/index.php\/wp-json\/wp\/v2\/users\/1"}],"replies":[{"embeddable":true,"href":"https:\/\/www.pharmaciecentraledelademilune.com\/index.php\/wp-json\/wp\/v2\/comments?post=45"}],"version-history":[{"count":70,"href":"https:\/\/www.pharmaciecentraledelademilune.com\/index.php\/wp-json\/wp\/v2\/pages\/45\/revisions"}],"predecessor-version":[{"id":2012,"href":"https:\/\/www.pharmaciecentraledelademilune.com\/index.php\/wp-json\/wp\/v2\/pages\/45\/revisions\/2012"}],"wp:attachment":[{"href":"https:\/\/www.pharmaciecentraledelademilune.com\/index.php\/wp-json\/wp\/v2\/media?parent=45"}],"curies":[{"name":"wp","href":"https:\/\/api.w.org\/{rel}","templated":true}]}}