{"id":43,"date":"2021-11-21T23:02:58","date_gmt":"2021-11-21T22:02:58","guid":{"rendered":"http:\/\/www.pharmaciecentraledelademilune.com\/?page_id=43"},"modified":"2024-05-26T10:03:17","modified_gmt":"2024-05-26T08:03:17","slug":"votre-pharmacien","status":"publish","type":"page","link":"https:\/\/www.pharmaciecentraledelademilune.com\/index.php\/votre-pharmacien\/","title":{"rendered":"Votre pharmacien"},"content":{"rendered":"\t\t<div data-elementor-type=\"wp-page\" data-elementor-id=\"43\" class=\"elementor elementor-43\">\n\t\t\t\t\t\t\t\t\t<section data-marvy_enable_drop_animation=\"false\" data-marvy_enable_fancy_rotate=\"false\" data-marvy_enable_flying_object=\"false\" data-marvy_enable_ripples_animation=\"false\" data-marvy_enable_waves_animation=\"false\" data-marvy_enable_rings_animation=\"false\" data-marvy_enable_topology_animation=\"false\" data-marvy_enable_gradient_animation=\"false\" data-marvy_enable_snow_animation=\"false\" data-marvy_enable_firework_animation=\"false\" data-marvy_enable_cloud_animation=\"false\" class=\"has_ma_el_bg_slider elementor-section elementor-top-section elementor-element elementor-element-5079f5e5 elementor-section-stretched elementor-section-height-min-height elementor-section-items-stretch elementor-section-content-middle elementor-section-boxed elementor-section-height-default jltma-glass-effect-no elementor-invisible\" data-id=\"5079f5e5\" data-element_type=\"section\" data-settings=\"{&quot;stretch_section&quot;:&quot;section-stretched&quot;,&quot;background_background&quot;:&quot;classic&quot;,&quot;shape_divider_top&quot;:&quot;waves&quot;,&quot;animation&quot;:&quot;fadeIn&quot;,&quot;_ha_eqh_enable&quot;:false}\">\n\t\t\t\t\t\t\t<div class=\"elementor-background-overlay\"><\/div>\n\t\t\t\t\t\t<div class=\"elementor-shape elementor-shape-top\" data-negative=\"false\">\n\t\t\t<svg xmlns=\"http:\/\/www.w3.org\/2000\/svg\" viewBox=\"0 0 1000 100\" preserveAspectRatio=\"none\">\n\t<path class=\"elementor-shape-fill\" d=\"M421.9,6.5c22.6-2.5,51.5,0.4,75.5,5.3c23.6,4.9,70.9,23.5,100.5,35.7c75.8,32.2,133.7,44.5,192.6,49.7\n\tc23.6,2.1,48.7,3.5,103.4-2.5c54.7-6,106.2-25.6,106.2-25.6V0H0v30.3c0,0,72,32.6,158.4,30.5c39.2-0.7,92.8-6.7,134-22.4\n\tc21.2-8.1,52.2-18.2,79.7-24.2C399.3,7.9,411.6,7.5,421.9,6.5z\"\/>\n<\/svg>\t\t<\/div>\n\t\t\t\t\t<div class=\"elementor-container elementor-column-gap-default\">\n\t\t\t\t\t<div class=\"has_ma_el_bg_slider elementor-column elementor-col-50 elementor-top-column elementor-element elementor-element-23fe272b jltma-glass-effect-no\" data-id=\"23fe272b\" data-element_type=\"column\" data-settings=\"{&quot;background_background&quot;:&quot;classic&quot;}\">\n\t\t\t<div class=\"elementor-widget-wrap elementor-element-populated\">\n\t\t\t\t\t<div class=\"elementor-background-overlay\"><\/div>\n\t\t\t\t\t\t\t\t<div class=\"elementor-element elementor-element-43698c3a animated-fast jltma-glass-effect-no elementor-invisible elementor-widget elementor-widget-heading\" data-id=\"43698c3a\" data-element_type=\"widget\" data-settings=\"{&quot;_animation&quot;:&quot;fadeInLeft&quot;,&quot;_animation_delay&quot;:300}\" data-widget_type=\"heading.default\">\n\t\t\t\t<div class=\"elementor-widget-container\">\n\t\t\t<style>\/*! elementor - v3.6.5 - 27-04-2022 *\/\n.elementor-heading-title{padding:0;margin:0;line-height:1}.elementor-widget-heading .elementor-heading-title[class*=elementor-size-]>a{color:inherit;font-size:inherit;line-height:inherit}.elementor-widget-heading .elementor-heading-title.elementor-size-small{font-size:15px}.elementor-widget-heading .elementor-heading-title.elementor-size-medium{font-size:19px}.elementor-widget-heading .elementor-heading-title.elementor-size-large{font-size:29px}.elementor-widget-heading .elementor-heading-title.elementor-size-xl{font-size:39px}.elementor-widget-heading .elementor-heading-title.elementor-size-xxl{font-size:59px}<\/style><h4 class=\"elementor-heading-title elementor-size-default\">Notre equipe<\/h4>\t\t<\/div>\n\t\t\t\t<\/div>\n\t\t\t\t<div class=\"elementor-element elementor-element-891fc18 elementor-widget-divider--view-line jltma-glass-effect-no elementor-widget elementor-widget-divider\" data-id=\"891fc18\" data-element_type=\"widget\" data-widget_type=\"divider.default\">\n\t\t\t\t<div class=\"elementor-widget-container\">\n\t\t\t<style>\/*! elementor - v3.6.5 - 27-04-2022 *\/\n.elementor-widget-divider{--divider-border-style:none;--divider-border-width:1px;--divider-color:#2c2c2c;--divider-icon-size:20px;--divider-element-spacing:10px;--divider-pattern-height:24px;--divider-pattern-size:20px;--divider-pattern-url:none;--divider-pattern-repeat:repeat-x}.elementor-widget-divider .elementor-divider{display:-webkit-box;display:-ms-flexbox;display:flex}.elementor-widget-divider .elementor-divider__text{font-size:15px;line-height:1;max-width:95%}.elementor-widget-divider .elementor-divider__element{margin:0 var(--divider-element-spacing);-ms-flex-negative:0;flex-shrink:0}.elementor-widget-divider .elementor-icon{font-size:var(--divider-icon-size)}.elementor-widget-divider .elementor-divider-separator{display:-webkit-box;display:-ms-flexbox;display:flex;margin:0;direction:ltr}.elementor-widget-divider--view-line_icon .elementor-divider-separator,.elementor-widget-divider--view-line_text .elementor-divider-separator{-webkit-box-align:center;-ms-flex-align:center;align-items:center}.elementor-widget-divider--view-line_icon .elementor-divider-separator:after,.elementor-widget-divider--view-line_icon .elementor-divider-separator:before,.elementor-widget-divider--view-line_text .elementor-divider-separator:after,.elementor-widget-divider--view-line_text .elementor-divider-separator:before{display:block;content:\"\";border-bottom:0;-webkit-box-flex:1;-ms-flex-positive:1;flex-grow:1;border-top:var(--divider-border-width) var(--divider-border-style) var(--divider-color)}.elementor-widget-divider--element-align-left .elementor-divider .elementor-divider-separator>.elementor-divider__svg:first-of-type{-webkit-box-flex:0;-ms-flex-positive:0;flex-grow:0;-ms-flex-negative:100;flex-shrink:100}.elementor-widget-divider--element-align-left .elementor-divider-separator:before{content:none}.elementor-widget-divider--element-align-left .elementor-divider__element{margin-left:0}.elementor-widget-divider--element-align-right .elementor-divider .elementor-divider-separator>.elementor-divider__svg:last-of-type{-webkit-box-flex:0;-ms-flex-positive:0;flex-grow:0;-ms-flex-negative:100;flex-shrink:100}.elementor-widget-divider--element-align-right .elementor-divider-separator:after{content:none}.elementor-widget-divider--element-align-right .elementor-divider__element{margin-right:0}.elementor-widget-divider:not(.elementor-widget-divider--view-line_text):not(.elementor-widget-divider--view-line_icon) .elementor-divider-separator{border-top:var(--divider-border-width) var(--divider-border-style) var(--divider-color)}.elementor-widget-divider--separator-type-pattern{--divider-border-style:none}.elementor-widget-divider--separator-type-pattern.elementor-widget-divider--view-line .elementor-divider-separator,.elementor-widget-divider--separator-type-pattern:not(.elementor-widget-divider--view-line) .elementor-divider-separator:after,.elementor-widget-divider--separator-type-pattern:not(.elementor-widget-divider--view-line) .elementor-divider-separator:before,.elementor-widget-divider--separator-type-pattern:not([class*=elementor-widget-divider--view]) .elementor-divider-separator{width:100%;min-height:var(--divider-pattern-height);-webkit-mask-size:var(--divider-pattern-size) 100%;mask-size:var(--divider-pattern-size) 100%;-webkit-mask-repeat:var(--divider-pattern-repeat);mask-repeat:var(--divider-pattern-repeat);background-color:var(--divider-color);-webkit-mask-image:var(--divider-pattern-url);mask-image:var(--divider-pattern-url)}.elementor-widget-divider--no-spacing{--divider-pattern-size:auto}.elementor-widget-divider--bg-round{--divider-pattern-repeat:round}.rtl .elementor-widget-divider .elementor-divider__text{direction:rtl}<\/style>\t\t<div class=\"elementor-divider\">\n\t\t\t<span class=\"elementor-divider-separator\">\n\t\t\t\t\t\t<\/span>\n\t\t<\/div>\n\t\t\t\t<\/div>\n\t\t\t\t<\/div>\n\t\t\t\t<div class=\"elementor-element elementor-element-573a08e jltma-glass-effect-no elementor-invisible elementor-widget elementor-widget-text-editor\" data-id=\"573a08e\" data-element_type=\"widget\" data-settings=\"{&quot;_animation&quot;:&quot;fadeInUp&quot;}\" data-widget_type=\"text-editor.default\">\n\t\t\t\t<div class=\"elementor-widget-container\">\n\t\t\t<style>\/*! elementor - v3.6.5 - 27-04-2022 *\/\n.elementor-widget-text-editor.elementor-drop-cap-view-stacked .elementor-drop-cap{background-color:#818a91;color:#fff}.elementor-widget-text-editor.elementor-drop-cap-view-framed .elementor-drop-cap{color:#818a91;border:3px solid;background-color:transparent}.elementor-widget-text-editor:not(.elementor-drop-cap-view-default) .elementor-drop-cap{margin-top:8px}.elementor-widget-text-editor:not(.elementor-drop-cap-view-default) .elementor-drop-cap-letter{width:1em;height:1em}.elementor-widget-text-editor .elementor-drop-cap{float:left;text-align:center;line-height:1;font-size:50px}.elementor-widget-text-editor .elementor-drop-cap-letter{display:inline-block}<\/style>\t\t\t\t<p>Bienvenue \u00e0 la Pharmacie Centrale de la Demi-Lune !<\/p><p>Au c\u0153ur de ville, une \u00e9quipe souriante, attentive et bienveillante \u00e0 votre service pour pr\u00e9server votre Sant\u00e9. \u00c0 travers notre passion commune pour le domaine pharmaceutique, nous nous engageons \u00e0 vous expliquer vos traitements et conseiller le meilleur.<\/p><p>Nous croyons que chaque membre de l&#8217;\u00e9quipe apporte une valeur unique \u00e0 notre service.<span style=\"font-style: inherit;\">\u00a0<\/span><span style=\"font-style: inherit;\">Nous partageons toutes la m\u00eame vision : \u00eatre \u00e0 l&#8217;\u00e9coute de vos besoins, vous fournir des soins de qualit\u00e9 et vous accompagner vers une meilleure sant\u00e9 et un bien-\u00eatre durable. Nous sommes impatients de vous accueillir dans notre pharmacie et de vous offrir une exp\u00e9rience chaleureuse et professionnelle \u00e0 chaque visite. \u00a0<\/span><\/p><p>L&#8217;\u00e9quipe de la Pharmacie Centrale de la Demi-Lune\u00a0<\/p>\t\t\t\t\t\t<\/div>\n\t\t\t\t<\/div>\n\t\t\t\t<section data-marvy_enable_drop_animation=\"false\" data-marvy_enable_fancy_rotate=\"false\" data-marvy_enable_flying_object=\"false\" data-marvy_enable_ripples_animation=\"false\" data-marvy_enable_waves_animation=\"false\" data-marvy_enable_rings_animation=\"false\" data-marvy_enable_topology_animation=\"false\" data-marvy_enable_gradient_animation=\"false\" data-marvy_enable_snow_animation=\"false\" data-marvy_enable_firework_animation=\"false\" data-marvy_enable_cloud_animation=\"false\" class=\"has_ma_el_bg_slider elementor-section elementor-inner-section elementor-element elementor-element-7a0ed755 elementor-section-full_width elementor-section-height-default elementor-section-height-default jltma-glass-effect-no\" data-id=\"7a0ed755\" data-element_type=\"section\" data-settings=\"{&quot;_ha_eqh_enable&quot;:false}\">\n\t\t\t\t\t\t<div class=\"elementor-container elementor-column-gap-no\">\n\t\t\t\t\t<div class=\"has_ma_el_bg_slider elementor-column elementor-col-100 elementor-inner-column elementor-element elementor-element-36795c2e jltma-glass-effect-no\" data-id=\"36795c2e\" data-element_type=\"column\" data-settings=\"{&quot;background_background&quot;:&quot;classic&quot;}\">\n\t\t\t<div class=\"elementor-widget-wrap elementor-element-populated\">\n\t\t\t\t\t\t\t\t<div class=\"elementor-element elementor-element-3c0b2487 elementor-align-center elementor-mobile-align-center jltma-glass-effect-no elementor-widget elementor-widget-button\" data-id=\"3c0b2487\" data-element_type=\"widget\" data-widget_type=\"button.default\">\n\t\t\t\t<div class=\"elementor-widget-container\">\n\t\t\t\t\t<div class=\"elementor-button-wrapper\">\n\t\t\t<a href=\"https:\/\/www.pharmaciecentraledelademilune.com\/index.php\/contact-2\/\" class=\"elementor-button-link elementor-button elementor-size-sm elementor-animation-float\" role=\"button\">\n\t\t\t\t\t\t<span class=\"elementor-button-content-wrapper\">\n\t\t\t\t\t\t\t<span class=\"elementor-button-icon elementor-align-icon-left\">\n\t\t\t\t<i aria-hidden=\"true\" class=\"fas fa-angle-down\"><\/i>\t\t\t<\/span>\n\t\t\t\t\t\t<span class=\"elementor-button-text\">Contactez-nous <\/span>\n\t\t<\/span>\n\t\t\t\t\t<\/a>\n\t\t<\/div>\n\t\t\t\t<\/div>\n\t\t\t\t<\/div>\n\t\t\t\t\t<\/div>\n\t\t<\/div>\n\t\t\t\t\t\t\t<\/div>\n\t\t<\/section>\n\t\t\t\t\t<\/div>\n\t\t<\/div>\n\t\t\t\t<div class=\"has_ma_el_bg_slider elementor-column elementor-col-50 elementor-top-column elementor-element elementor-element-56a5b282 jltma-glass-effect-no\" data-id=\"56a5b282\" data-element_type=\"column\" data-settings=\"{&quot;background_background&quot;:&quot;classic&quot;}\">\n\t\t\t<div class=\"elementor-widget-wrap elementor-element-populated\">\n\t\t\t\t\t<div class=\"elementor-background-overlay\"><\/div>\n\t\t\t\t\t\t\t\t<div class=\"elementor-element elementor-element-e1ca022 animated-slow jltma-glass-effect-no elementor-invisible elementor-widget elementor-widget-image\" data-id=\"e1ca022\" data-element_type=\"widget\" data-settings=\"{&quot;ha_floating_fx&quot;:&quot;yes&quot;,&quot;_animation&quot;:&quot;fadeInRight&quot;}\" data-widget_type=\"image.default\">\n\t\t\t\t<div class=\"elementor-widget-container\">\n\t\t\t<style>\/*! elementor - v3.6.5 - 27-04-2022 *\/\n.elementor-widget-image{text-align:center}.elementor-widget-image a{display:inline-block}.elementor-widget-image a img[src$=\".svg\"]{width:48px}.elementor-widget-image img{vertical-align:middle;display:inline-block}<\/style>\t\t\t\t\t\t\t\t\t\t\t\t<img loading=\"lazy\" decoding=\"async\" width=\"2048\" height=\"2560\" src=\"https:\/\/www.pharmaciecentraledelademilune.com\/wp-content\/uploads\/2023\/07\/IMG_3413-scaled.jpg\" class=\"attachment-full size-full\" alt=\"\" srcset=\"https:\/\/www.pharmaciecentraledelademilune.com\/wp-content\/uploads\/2023\/07\/IMG_3413-scaled.jpg 2048w, https:\/\/www.pharmaciecentraledelademilune.com\/wp-content\/uploads\/2023\/07\/IMG_3413-240x300.jpg 240w, https:\/\/www.pharmaciecentraledelademilune.com\/wp-content\/uploads\/2023\/07\/IMG_3413-819x1024.jpg 819w, https:\/\/www.pharmaciecentraledelademilune.com\/wp-content\/uploads\/2023\/07\/IMG_3413-768x960.jpg 768w, https:\/\/www.pharmaciecentraledelademilune.com\/wp-content\/uploads\/2023\/07\/IMG_3413-1229x1536.jpg 1229w, https:\/\/www.pharmaciecentraledelademilune.com\/wp-content\/uploads\/2023\/07\/IMG_3413-1638x2048.jpg 1638w\" sizes=\"(max-width: 2048px) 100vw, 2048px\" \/>\t\t\t\t\t\t\t\t\t\t\t\t\t\t\t<\/div>\n\t\t\t\t<\/div>\n\t\t\t\t\t<\/div>\n\t\t<\/div>\n\t\t\t\t\t\t\t<\/div>\n\t\t<\/section>\n\t\t\t\t\t\t\t<\/div>\n\t\t","protected":false},"excerpt":{"rendered":"<p>Notre equipe Bienvenue \u00e0 la Pharmacie Centrale de la Demi-Lune ! Au c\u0153ur de ville, une \u00e9quipe souriante, attentive et bienveillante \u00e0 votre service pour pr\u00e9server votre Sant\u00e9. \u00c0 travers notre passion commune pour le domaine pharmaceutique, nous nous engageons \u00e0 vous expliquer vos traitements et conseiller le meilleur. Nous croyons que chaque membre de &hellip;<\/p>\n<p class=\"read-more\"> <a class=\"\" href=\"https:\/\/www.pharmaciecentraledelademilune.com\/index.php\/votre-pharmacien\/\"> <span class=\"screen-reader-text\">Votre pharmacien<\/span> Lire la suite\u00a0\u00bb<\/a><\/p>\n","protected":false},"author":1,"featured_media":0,"parent":0,"menu_order":0,"comment_status":"closed","ping_status":"closed","template":"","meta":{"_monsterinsights_skip_tracking":false,"_monsterinsights_sitenote_active":false,"_monsterinsights_sitenote_note":"","_monsterinsights_sitenote_category":0,"site-sidebar-layout":"no-sidebar","site-content-layout":"page-builder","ast-global-header-display":"","ast-banner-title-visibility":"","ast-main-header-display":"","ast-hfb-above-header-display":"","ast-hfb-below-header-display":"","ast-hfb-mobile-header-display":"","site-post-title":"disabled","ast-breadcrumbs-content":"","ast-featured-img":"disabled","footer-sml-layout":"","theme-transparent-header-meta":"","adv-header-id-meta":"","stick-header-meta":"","header-above-stick-meta":"","header-main-stick-meta":"","header-below-stick-meta":"","footnotes":""},"yoast_head":"<!-- This site is optimized with the Yoast SEO plugin v18.8 - https:\/\/yoast.com\/wordpress\/plugins\/seo\/ -->\n<title>Votre pharmacien - Pharmacie Centrale De La Demi Lune<\/title>\n<meta name=\"robots\" content=\"index, follow, max-snippet:-1, max-image-preview:large, max-video-preview:-1\" \/>\n<link rel=\"canonical\" href=\"https:\/\/www.pharmaciecentraledelademilune.com\/index.php\/votre-pharmacien\/\" \/>\n<meta property=\"og:locale\" content=\"fr_FR\" \/>\n<meta property=\"og:type\" content=\"article\" \/>\n<meta property=\"og:title\" content=\"Votre pharmacien - Pharmacie Centrale De La Demi Lune\" \/>\n<meta property=\"og:description\" content=\"Notre equipe Bienvenue \u00e0 la Pharmacie Centrale de la Demi-Lune ! Au c\u0153ur de ville, une \u00e9quipe souriante, attentive et bienveillante \u00e0 votre service pour pr\u00e9server votre Sant\u00e9. \u00c0 travers notre passion commune pour le domaine pharmaceutique, nous nous engageons \u00e0 vous expliquer vos traitements et conseiller le meilleur. Nous croyons que chaque membre de &hellip; Votre pharmacien Lire la suite\u00a0\u00bb\" \/>\n<meta property=\"og:url\" content=\"https:\/\/www.pharmaciecentraledelademilune.com\/index.php\/votre-pharmacien\/\" \/>\n<meta property=\"og:site_name\" content=\"Pharmacie Centrale De La Demi Lune\" \/>\n<meta property=\"article:modified_time\" content=\"2024-05-26T08:03:17+00:00\" \/>\n<meta property=\"og:image\" content=\"https:\/\/www.pharmaciecentraledelademilune.com\/wp-content\/uploads\/2023\/07\/IMG_3413-scaled.jpg\" \/>\n<meta name=\"twitter:card\" content=\"summary_large_image\" \/>\n<meta name=\"twitter:label1\" content=\"Dur\u00e9e de lecture estim\u00e9e\" \/>\n\t<meta name=\"twitter:data1\" content=\"1 minute\" \/>\n<script type=\"application\/ld+json\" class=\"yoast-schema-graph\">{\"@context\":\"https:\/\/schema.org\",\"@graph\":[{\"@type\":\"Organization\",\"@id\":\"https:\/\/www.pharmaciecentraledelademilune.com\/#organization\",\"name\":\"Pharmacie Centrale De La Demi Lune Tassin\",\"url\":\"https:\/\/www.pharmaciecentraledelademilune.com\/\",\"sameAs\":[],\"logo\":{\"@type\":\"ImageObject\",\"inLanguage\":\"fr-FR\",\"@id\":\"https:\/\/www.pharmaciecentraledelademilune.com\/#\/schema\/logo\/image\/\",\"url\":\"https:\/\/www.pharmaciecentraledelademilune.com\/wp-content\/uploads\/2022\/05\/Pharma-LOGO-WEB-1.png\",\"contentUrl\":\"https:\/\/www.pharmaciecentraledelademilune.com\/wp-content\/uploads\/2022\/05\/Pharma-LOGO-WEB-1.png\",\"width\":2428,\"height\":2713,\"caption\":\"Pharmacie Centrale De La Demi Lune Tassin\"},\"image\":{\"@id\":\"https:\/\/www.pharmaciecentraledelademilune.com\/#\/schema\/logo\/image\/\"}},{\"@type\":\"WebSite\",\"@id\":\"https:\/\/www.pharmaciecentraledelademilune.com\/#website\",\"url\":\"https:\/\/www.pharmaciecentraledelademilune.com\/\",\"name\":\"Pharmacie Centrale De La Demi Lune\",\"description\":\"Pharmacie centrale de la demi lune\",\"publisher\":{\"@id\":\"https:\/\/www.pharmaciecentraledelademilune.com\/#organization\"},\"potentialAction\":[{\"@type\":\"SearchAction\",\"target\":{\"@type\":\"EntryPoint\",\"urlTemplate\":\"https:\/\/www.pharmaciecentraledelademilune.com\/?s={search_term_string}\"},\"query-input\":\"required name=search_term_string\"}],\"inLanguage\":\"fr-FR\"},{\"@type\":\"ImageObject\",\"inLanguage\":\"fr-FR\",\"@id\":\"https:\/\/www.pharmaciecentraledelademilune.com\/index.php\/votre-pharmacien\/#primaryimage\",\"url\":\"https:\/\/www.pharmaciecentraledelademilune.com\/wp-content\/uploads\/2023\/07\/IMG_3413-scaled.jpg\",\"contentUrl\":\"https:\/\/www.pharmaciecentraledelademilune.com\/wp-content\/uploads\/2023\/07\/IMG_3413-scaled.jpg\",\"width\":2048,\"height\":2560},{\"@type\":\"WebPage\",\"@id\":\"https:\/\/www.pharmaciecentraledelademilune.com\/index.php\/votre-pharmacien\/#webpage\",\"url\":\"https:\/\/www.pharmaciecentraledelademilune.com\/index.php\/votre-pharmacien\/\",\"name\":\"Votre pharmacien - Pharmacie Centrale De La Demi Lune\",\"isPartOf\":{\"@id\":\"https:\/\/www.pharmaciecentraledelademilune.com\/#website\"},\"primaryImageOfPage\":{\"@id\":\"https:\/\/www.pharmaciecentraledelademilune.com\/index.php\/votre-pharmacien\/#primaryimage\"},\"datePublished\":\"2021-11-21T22:02:58+00:00\",\"dateModified\":\"2024-05-26T08:03:17+00:00\",\"breadcrumb\":{\"@id\":\"https:\/\/www.pharmaciecentraledelademilune.com\/index.php\/votre-pharmacien\/#breadcrumb\"},\"inLanguage\":\"fr-FR\",\"potentialAction\":[{\"@type\":\"ReadAction\",\"target\":[\"https:\/\/www.pharmaciecentraledelademilune.com\/index.php\/votre-pharmacien\/\"]}]},{\"@type\":\"BreadcrumbList\",\"@id\":\"https:\/\/www.pharmaciecentraledelademilune.com\/index.php\/votre-pharmacien\/#breadcrumb\",\"itemListElement\":[{\"@type\":\"ListItem\",\"position\":1,\"name\":\"Accueil\",\"item\":\"https:\/\/www.pharmaciecentraledelademilune.com\/\"},{\"@type\":\"ListItem\",\"position\":2,\"name\":\"Votre pharmacien\"}]}]}<\/script>\n<!-- \/ Yoast SEO plugin. -->","yoast_head_json":{"title":"Votre pharmacien - Pharmacie Centrale De La Demi Lune","robots":{"index":"index","follow":"follow","max-snippet":"max-snippet:-1","max-image-preview":"max-image-preview:large","max-video-preview":"max-video-preview:-1"},"canonical":"https:\/\/www.pharmaciecentraledelademilune.com\/index.php\/votre-pharmacien\/","og_locale":"fr_FR","og_type":"article","og_title":"Votre pharmacien - Pharmacie Centrale De La Demi Lune","og_description":"Notre equipe Bienvenue \u00e0 la Pharmacie Centrale de la Demi-Lune ! Au c\u0153ur de ville, une \u00e9quipe souriante, attentive et bienveillante \u00e0 votre service pour pr\u00e9server votre Sant\u00e9. \u00c0 travers notre passion commune pour le domaine pharmaceutique, nous nous engageons \u00e0 vous expliquer vos traitements et conseiller le meilleur. Nous croyons que chaque membre de &hellip; Votre pharmacien Lire la suite\u00a0\u00bb","og_url":"https:\/\/www.pharmaciecentraledelademilune.com\/index.php\/votre-pharmacien\/","og_site_name":"Pharmacie Centrale De La Demi Lune","article_modified_time":"2024-05-26T08:03:17+00:00","og_image":[{"url":"https:\/\/www.pharmaciecentraledelademilune.com\/wp-content\/uploads\/2023\/07\/IMG_3413-scaled.jpg"}],"twitter_card":"summary_large_image","twitter_misc":{"Dur\u00e9e de lecture estim\u00e9e":"1 minute"},"schema":{"@context":"https:\/\/schema.org","@graph":[{"@type":"Organization","@id":"https:\/\/www.pharmaciecentraledelademilune.com\/#organization","name":"Pharmacie Centrale De La Demi Lune Tassin","url":"https:\/\/www.pharmaciecentraledelademilune.com\/","sameAs":[],"logo":{"@type":"ImageObject","inLanguage":"fr-FR","@id":"https:\/\/www.pharmaciecentraledelademilune.com\/#\/schema\/logo\/image\/","url":"https:\/\/www.pharmaciecentraledelademilune.com\/wp-content\/uploads\/2022\/05\/Pharma-LOGO-WEB-1.png","contentUrl":"https:\/\/www.pharmaciecentraledelademilune.com\/wp-content\/uploads\/2022\/05\/Pharma-LOGO-WEB-1.png","width":2428,"height":2713,"caption":"Pharmacie Centrale De La Demi Lune Tassin"},"image":{"@id":"https:\/\/www.pharmaciecentraledelademilune.com\/#\/schema\/logo\/image\/"}},{"@type":"WebSite","@id":"https:\/\/www.pharmaciecentraledelademilune.com\/#website","url":"https:\/\/www.pharmaciecentraledelademilune.com\/","name":"Pharmacie Centrale De La Demi Lune","description":"Pharmacie centrale de la demi lune","publisher":{"@id":"https:\/\/www.pharmaciecentraledelademilune.com\/#organization"},"potentialAction":[{"@type":"SearchAction","target":{"@type":"EntryPoint","urlTemplate":"https:\/\/www.pharmaciecentraledelademilune.com\/?s={search_term_string}"},"query-input":"required name=search_term_string"}],"inLanguage":"fr-FR"},{"@type":"ImageObject","inLanguage":"fr-FR","@id":"https:\/\/www.pharmaciecentraledelademilune.com\/index.php\/votre-pharmacien\/#primaryimage","url":"https:\/\/www.pharmaciecentraledelademilune.com\/wp-content\/uploads\/2023\/07\/IMG_3413-scaled.jpg","contentUrl":"https:\/\/www.pharmaciecentraledelademilune.com\/wp-content\/uploads\/2023\/07\/IMG_3413-scaled.jpg","width":2048,"height":2560},{"@type":"WebPage","@id":"https:\/\/www.pharmaciecentraledelademilune.com\/index.php\/votre-pharmacien\/#webpage","url":"https:\/\/www.pharmaciecentraledelademilune.com\/index.php\/votre-pharmacien\/","name":"Votre pharmacien - Pharmacie Centrale De La Demi Lune","isPartOf":{"@id":"https:\/\/www.pharmaciecentraledelademilune.com\/#website"},"primaryImageOfPage":{"@id":"https:\/\/www.pharmaciecentraledelademilune.com\/index.php\/votre-pharmacien\/#primaryimage"},"datePublished":"2021-11-21T22:02:58+00:00","dateModified":"2024-05-26T08:03:17+00:00","breadcrumb":{"@id":"https:\/\/www.pharmaciecentraledelademilune.com\/index.php\/votre-pharmacien\/#breadcrumb"},"inLanguage":"fr-FR","potentialAction":[{"@type":"ReadAction","target":["https:\/\/www.pharmaciecentraledelademilune.com\/index.php\/votre-pharmacien\/"]}]},{"@type":"BreadcrumbList","@id":"https:\/\/www.pharmaciecentraledelademilune.com\/index.php\/votre-pharmacien\/#breadcrumb","itemListElement":[{"@type":"ListItem","position":1,"name":"Accueil","item":"https:\/\/www.pharmaciecentraledelademilune.com\/"},{"@type":"ListItem","position":2,"name":"Votre pharmacien"}]}]}},"_links":{"self":[{"href":"https:\/\/www.pharmaciecentraledelademilune.com\/index.php\/wp-json\/wp\/v2\/pages\/43"}],"collection":[{"href":"https:\/\/www.pharmaciecentraledelademilune.com\/index.php\/wp-json\/wp\/v2\/pages"}],"about":[{"href":"https:\/\/www.pharmaciecentraledelademilune.com\/index.php\/wp-json\/wp\/v2\/types\/page"}],"author":[{"embeddable":true,"href":"https:\/\/www.pharmaciecentraledelademilune.com\/index.php\/wp-json\/wp\/v2\/users\/1"}],"replies":[{"embeddable":true,"href":"https:\/\/www.pharmaciecentraledelademilune.com\/index.php\/wp-json\/wp\/v2\/comments?post=43"}],"version-history":[{"count":115,"href":"https:\/\/www.pharmaciecentraledelademilune.com\/index.php\/wp-json\/wp\/v2\/pages\/43\/revisions"}],"predecessor-version":[{"id":2286,"href":"https:\/\/www.pharmaciecentraledelademilune.com\/index.php\/wp-json\/wp\/v2\/pages\/43\/revisions\/2286"}],"wp:attachment":[{"href":"https:\/\/www.pharmaciecentraledelademilune.com\/index.php\/wp-json\/wp\/v2\/media?parent=43"}],"curies":[{"name":"wp","href":"https:\/\/api.w.org\/{rel}","templated":true}]}}